{"id":736,"date":"2022-02-14T14:34:13","date_gmt":"2022-02-14T14:34:13","guid":{"rendered":"http:\/\/www.knowaodwierty.pl\/?page_id=736"},"modified":"2022-02-14T23:38:12","modified_gmt":"2022-02-14T23:38:12","slug":"podlaczenia-poziome","status":"publish","type":"page","link":"http:\/\/www.knowaodwierty.pl\/?page_id=736","title":{"rendered":"POD\u0141\u0104CZENIA POZIOME"},"content":{"rendered":"<p>Pod\u0142\u0105czenia poziome (rury PE takiego samego sk\u0142adu chemicznego co sondy pionowe), s\u0142u\u017c\u0105 do transportu solanki z odwiert\u00f3w do budynku maszynowni,&nbsp; uk\u0142adamy je&nbsp; poni\u017cej strefy przemarzania i pod\u0142\u0105czamy&nbsp; dalej do rozdzielaczy montowanych wewn\u0105trz lub na zewn\u0105trz budynku lub do studni rozdzielczych zakopanych w ziemi. Rozdzielacze wewn\u0119trzne lub studnie rozdzielcze wyposa\u017cone s\u0105 w rotametry, na kt\u00f3rych mo\u017cemy wyregulowa\u0107 r\u00f3wny przep\u0142yw solanki przez wszystkie p\u0119tle.&nbsp;<\/p>\n<p>&nbsp;<\/p>\n<h4>Przyk\u0142ad pod\u0142\u0105cze\u0144 poziomych z wykorzystaniem studni rozdzielczej z rotametrami<\/h4>\n<p>&nbsp;<\/p>\n<figure id=\"attachment_747\" aria-describedby=\"caption-attachment-747\" style=\"width: 250px\" class=\"wp-caption alignleft\"><img loading=\"lazy\" decoding=\"async\" class=\"wp-image-747\" src=\"http:\/\/www.knowaodwierty.pl\/wp-content\/uploads\/2022\/02\/1643643354157-420x910.jpg\" alt=\"POD\u0141\u0104CZENIA POZIOME\" width=\"250\" height=\"542\" srcset=\"http:\/\/www.knowaodwierty.pl\/wp-content\/uploads\/2022\/02\/1643643354157-420x910.jpg 420w, http:\/\/www.knowaodwierty.pl\/wp-content\/uploads\/2022\/02\/1643643354157-520x1126.jpg 520w, http:\/\/www.knowaodwierty.pl\/wp-content\/uploads\/2022\/02\/1643643354157.jpg 554w\" sizes=\"auto, (max-width: 250px) 100vw, 250px\" \/><figcaption id=\"caption-attachment-747\" class=\"wp-caption-text\">POD\u0141\u0104CZENIA POZIOME<\/figcaption><\/figure>\n<figure id=\"attachment_753\" aria-describedby=\"caption-attachment-753\" style=\"width: 250px\" class=\"wp-caption alignright\"><img loading=\"lazy\" decoding=\"async\" class=\"wp-image-753\" src=\"http:\/\/www.knowaodwierty.pl\/wp-content\/uploads\/2022\/02\/POD-e1644881756645.jpg\" alt=\"POD\u0141\u0104CZENIA POZIOME\" width=\"250\" height=\"541\"><figcaption id=\"caption-attachment-753\" class=\"wp-caption-text\">POD\u0141\u0104CZENIA POZIOME<\/figcaption><\/figure>\n<h4><!--more--><\/h4>\n","protected":false},"excerpt":{"rendered":"<p><a class=\"read-more\" href=\"http:\/\/www.knowaodwierty.pl\/?page_id=736\">Czytaj dalej&#8230;<\/a><\/p>\n","protected":false},"author":1,"featured_media":0,"parent":0,"menu_order":0,"comment_status":"closed","ping_status":"closed","template":"","meta":{"ngg_post_thumbnail":0,"pgc_sgb_lightbox_settings":"","footnotes":""},"class_list":["post-736","page","type-page","status-publish","hentry"],"aioseo_notices":[],"_links":{"self":[{"href":"http:\/\/www.knowaodwierty.pl\/index.php?rest_route=\/wp\/v2\/pages\/736","targetHints":{"allow":["GET"]}}],"collection":[{"href":"http:\/\/www.knowaodwierty.pl\/index.php?rest_route=\/wp\/v2\/pages"}],"about":[{"href":"http:\/\/www.knowaodwierty.pl\/index.php?rest_route=\/wp\/v2\/types\/page"}],"author":[{"embeddable":true,"href":"http:\/\/www.knowaodwierty.pl\/index.php?rest_route=\/wp\/v2\/users\/1"}],"replies":[{"embeddable":true,"href":"http:\/\/www.knowaodwierty.pl\/index.php?rest_route=%2Fwp%2Fv2%2Fcomments&post=736"}],"version-history":[{"count":10,"href":"http:\/\/www.knowaodwierty.pl\/index.php?rest_route=\/wp\/v2\/pages\/736\/revisions"}],"predecessor-version":[{"id":744,"href":"http:\/\/www.knowaodwierty.pl\/index.php?rest_route=\/wp\/v2\/pages\/736\/revisions\/744"}],"wp:attachment":[{"href":"http:\/\/www.knowaodwierty.pl\/index.php?rest_route=%2Fwp%2Fv2%2Fmedia&parent=736"}],"curies":[{"name":"wp","href":"https:\/\/api.w.org\/{rel}","templated":true}]}}