{"id":717,"date":"2022-02-12T23:04:35","date_gmt":"2022-02-12T23:04:35","guid":{"rendered":"http:\/\/www.knowaodwierty.pl\/?page_id=717"},"modified":"2022-02-12T23:31:15","modified_gmt":"2022-02-12T23:31:15","slug":"pompy-ciepla-2","status":"publish","type":"page","link":"http:\/\/www.knowaodwierty.pl\/?page_id=717","title":{"rendered":"POMPY CIEP\u0141A"},"content":{"rendered":"<p><strong>Pompa ciep\u0142a<\/strong>&nbsp;jest urz\u0105dzeniem grzewczym, kt\u00f3re pobiera okre\u015blon\u0105 ilo\u015b\u0107 energii cieplnej z <strong>dolnego \u017ar\u00f3d\u0142a ciep\u0142a<\/strong> za pomoc\u0105 kolektora pionowego, poziomego b\u0105d\u017a <a href=\"http:\/\/www.knowaodwierty.pl\/?p=608\"><strong>studni g\u0142\u0119binowych<\/strong><\/a> czy te\u017c powietrza atmosferycznego i przenosi j\u0105 do g\u00f3rnego \u017ar\u00f3d\u0142a ciep\u0142a, kt\u00f3re bezpo\u015brednio stanowi system grzewczy budynku, ciep\u0142\u0105 wod\u0119, ogrzewanie pod\u0142ogowe, czy grzejnikowe w procesie termodynamicznym<\/p>\n<p>&nbsp;<\/p>\n<p><img loading=\"lazy\" decoding=\"async\" class=\"alignnone size-medium wp-image-722\" src=\"http:\/\/www.knowaodwierty.pl\/wp-content\/uploads\/2021\/01\/pompa-ciep\u0142a-744x435.png\" alt=\"\" width=\"744\" height=\"435\" srcset=\"http:\/\/www.knowaodwierty.pl\/wp-content\/uploads\/2021\/01\/pompa-ciep\u0142a-744x435.png 744w, http:\/\/www.knowaodwierty.pl\/wp-content\/uploads\/2021\/01\/pompa-ciep\u0142a-420x245.png 420w, http:\/\/www.knowaodwierty.pl\/wp-content\/uploads\/2021\/01\/pompa-ciep\u0142a-768x449.png 768w, http:\/\/www.knowaodwierty.pl\/wp-content\/uploads\/2021\/01\/pompa-ciep\u0142a.png 1200w, http:\/\/www.knowaodwierty.pl\/wp-content\/uploads\/2021\/01\/pompa-ciep\u0142a-520x304.png 520w, http:\/\/www.knowaodwierty.pl\/wp-content\/uploads\/2021\/01\/pompa-ciep\u0142a-740x432.png 740w\" sizes=\"auto, (max-width: 744px) 100vw, 744px\" \/><\/p>\n<p>&nbsp;<\/p>\n<h4>Schemat prostej spr\u0119\u017carkowej pompy ciep\u0142a<\/h4>\n<p>1)&nbsp;skraplacz,<\/p>\n<p>2)&nbsp;zaw\u00f3r d\u0142awi\u0105cy (lub kapilara),<\/p>\n<p>3)&nbsp;parownik,<\/p>\n<p>4)&nbsp;spr\u0119\u017carka<\/p>\n","protected":false},"excerpt":{"rendered":"<p><a class=\"read-more\" href=\"http:\/\/www.knowaodwierty.pl\/?page_id=717\">Czytaj dalej&#8230;<\/a><\/p>\n","protected":false},"author":1,"featured_media":0,"parent":0,"menu_order":0,"comment_status":"closed","ping_status":"closed","template":"","meta":{"ngg_post_thumbnail":0,"pgc_sgb_lightbox_settings":"","footnotes":""},"class_list":["post-717","page","type-page","status-publish","hentry"],"aioseo_notices":[],"_links":{"self":[{"href":"http:\/\/www.knowaodwierty.pl\/index.php?rest_route=\/wp\/v2\/pages\/717","targetHints":{"allow":["GET"]}}],"collection":[{"href":"http:\/\/www.knowaodwierty.pl\/index.php?rest_route=\/wp\/v2\/pages"}],"about":[{"href":"http:\/\/www.knowaodwierty.pl\/index.php?rest_route=\/wp\/v2\/types\/page"}],"author":[{"embeddable":true,"href":"http:\/\/www.knowaodwierty.pl\/index.php?rest_route=\/wp\/v2\/users\/1"}],"replies":[{"embeddable":true,"href":"http:\/\/www.knowaodwierty.pl\/index.php?rest_route=%2Fwp%2Fv2%2Fcomments&post=717"}],"version-history":[{"count":4,"href":"http:\/\/www.knowaodwierty.pl\/index.php?rest_route=\/wp\/v2\/pages\/717\/revisions"}],"predecessor-version":[{"id":727,"href":"http:\/\/www.knowaodwierty.pl\/index.php?rest_route=\/wp\/v2\/pages\/717\/revisions\/727"}],"wp:attachment":[{"href":"http:\/\/www.knowaodwierty.pl\/index.php?rest_route=%2Fwp%2Fv2%2Fmedia&parent=717"}],"curies":[{"name":"wp","href":"https:\/\/api.w.org\/{rel}","templated":true}]}}