{"id":184,"date":"2017-03-03T17:11:59","date_gmt":"2017-03-03T17:11:59","guid":{"rendered":"http:\/\/www.knowaodwierty.pl\/?page_id=184"},"modified":"2018-01-27T14:55:15","modified_gmt":"2018-01-27T14:55:15","slug":"o-firmie","status":"publish","type":"page","link":"http:\/\/www.knowaodwierty.pl\/?page_id=184","title":{"rendered":"O FIRMIE"},"content":{"rendered":"<p><strong>Wysoka jako\u015b\u0107 us\u0142ug i profesjonalizm.<\/strong><\/p>\n<p>Jeste\u015bmy firm\u0105 dzia\u0142aj\u0105c\u0105 na terenie ca\u0142ej Polski. Od pocz\u0105tku naszej dzia\u0142alno\u015bci zajmujemy si\u0119 pompami ciep\u0142a i\u00a0 studniami g\u0142\u0119binowymi. Ze wzgl\u0119du na posiadane wiertnice, przystosowane do wierce\u0144 w ska\u0142ach, cz\u0119sto pracujemy w g\u00f3rach oraz w trudno dost\u0119pnych terenach.\u00a0 Jeste\u015bmy firm\u0105 specjalizuj\u0105c\u0105 si\u0119 w wykonywaniu odwiert\u00f3w pod <strong>pompy ciep\u0142a<\/strong> oraz <strong>studnie g\u0142\u0119binowe<\/strong>. Powierzone zadania wykonujemy profesjonalnie z pe\u0142nym zaanga\u017cowaniem. zale\u017cy nam, aby nasi klienci byli zadowoleni i polecali nas dalej, swoim znajomym. Wszystkie nasze <strong>prace s\u0105 obj\u0119te pisemn\u0105 gwarancj\u0105<\/strong>.<\/p>\n<p>Dzi\u0119ki urz\u0105dzeniom od\u00a0znanych i\u00a0renomowanych producent\u00f3w jakimi dysponujemy, jeste\u015bmy w\u00a0stanie realizowa\u0107 nasze prace na\u00a0terenie ca\u0142ej Polski, niezale\u017cnie od\u00a0warunk\u00f3w i\u00a0metody wiercenia. Naszym klientom <strong>zapewniamy najwy\u017csz\u0105 jako\u015b\u0107<\/strong> \u015bwiadczonych us\u0142ug przy zak\u0142adanych kosztach, a\u00a0nasz zesp\u00f3\u0142 tworz\u0105 do\u015bwiadczeni w\u00a0bran\u017cy specjali\u015bci.<\/p>\n","protected":false},"excerpt":{"rendered":"<p><a class=\"read-more\" href=\"http:\/\/www.knowaodwierty.pl\/?page_id=184\">Czytaj dalej&#8230;<\/a><\/p>\n","protected":false},"author":1,"featured_media":0,"parent":0,"menu_order":0,"comment_status":"closed","ping_status":"closed","template":"","meta":{"ngg_post_thumbnail":0,"pgc_sgb_lightbox_settings":"","footnotes":""},"class_list":["post-184","page","type-page","status-publish","hentry"],"aioseo_notices":[],"_links":{"self":[{"href":"http:\/\/www.knowaodwierty.pl\/index.php?rest_route=\/wp\/v2\/pages\/184","targetHints":{"allow":["GET"]}}],"collection":[{"href":"http:\/\/www.knowaodwierty.pl\/index.php?rest_route=\/wp\/v2\/pages"}],"about":[{"href":"http:\/\/www.knowaodwierty.pl\/index.php?rest_route=\/wp\/v2\/types\/page"}],"author":[{"embeddable":true,"href":"http:\/\/www.knowaodwierty.pl\/index.php?rest_route=\/wp\/v2\/users\/1"}],"replies":[{"embeddable":true,"href":"http:\/\/www.knowaodwierty.pl\/index.php?rest_route=%2Fwp%2Fv2%2Fcomments&post=184"}],"version-history":[{"count":6,"href":"http:\/\/www.knowaodwierty.pl\/index.php?rest_route=\/wp\/v2\/pages\/184\/revisions"}],"predecessor-version":[{"id":401,"href":"http:\/\/www.knowaodwierty.pl\/index.php?rest_route=\/wp\/v2\/pages\/184\/revisions\/401"}],"wp:attachment":[{"href":"http:\/\/www.knowaodwierty.pl\/index.php?rest_route=%2Fwp%2Fv2%2Fmedia&parent=184"}],"curies":[{"name":"wp","href":"https:\/\/api.w.org\/{rel}","templated":true}]}}