{"id":182,"date":"2017-03-03T17:11:34","date_gmt":"2017-03-03T17:11:34","guid":{"rendered":"http:\/\/www.knowaodwierty.pl\/?page_id=182"},"modified":"2018-01-27T14:58:16","modified_gmt":"2018-01-27T14:58:16","slug":"technologia","status":"publish","type":"page","link":"http:\/\/www.knowaodwierty.pl\/?page_id=182","title":{"rendered":"TECHNOLOGIA"},"content":{"rendered":"<div class=\"\">\n<p><strong>Czym tak w\u0142a\u015bciwie s\u0105 pompy ciep\u0142a?<\/strong><\/p>\n<p>Pompa ciep\u0142a to\u00a0ksi\u0105\u017ckowo wg wikipedii maszyna cieplna wymuszaj\u0105ca przep\u0142yw ciep\u0142a z\u00a0obszaru o\u00a0ni\u017cszej temperaturze do\u00a0obszaru o\u00a0temperaturze wy\u017cszej. Proces ten przebiega wbrew naturalnemu kierunkowi przep\u0142ywu ciep\u0142a i\u00a0zachodzi dzi\u0119ki dostarczonej z\u00a0zewn\u0105trz energii mechanicznej (w pompach ciep\u0142a spr\u0119\u017carkowych) lub energii cieplnej (w pompach absorpcyjnych).<\/p>\n<p><strong>Pompy ciep\u0142a<\/strong>, m\u00f3wi\u0105c prostym j\u0119zykiem niefachowym, to\u00a0urz\u0105dzenie pompuj\u0105ce ciep\u0142o z\u00a0jednego \u015brodowiska, np. z\u00a0g\u0142\u0119bi ziemi do\u00a0drugiego \u015brodowiska, np. grzejnik\u00f3w w\u00a0domach.<\/p>\n<p>Pompy ciep\u0142a, <strong>wykorzystuj\u0105ce \u017ar\u00f3d\u0142o ciep\u0142a<\/strong> z\u00a0ziemi, dla\u00a0kt\u00f3rych wykonywane s\u0105 odwierty pionowe, to\u00a0pompy ciep\u0142a spr\u0119\u017carkowe, technologia znana i\u00a0u\u017cywana od wielu lat.<\/p>\n<p><strong>Zasada dzia\u0142ania pompy<\/strong> ciep\u0142a znana jest od 1810 r. W\u00f3wczas szkocki naukowiec J. Leslie skonstruowa\u0142 pierwszy absorpcyjny agregat ch\u0142odniczy. w\u00a01928 roku uruchomiono pierwsz\u0105 instalacj\u0119 do\u00a0ogrzewania domu opart\u0105 na\u00a0amoniakalnym agregacie spr\u0119\u017carkowym. Bardzo szybko wzrasta\u0142a moc urz\u0105dze\u0144 instalowanych w\u00a0Europie i\u00a0USA. w\u00a0latach czterdziestych XX wieku Politechnika w\u00a0Zurychu by\u0142a ogrzewana pomp\u0105 ciep\u0142a o\u00a0mocy 7 MW. Pompy ciep\u0142a bardzo szybko zyska\u0142y du\u017c\u0105 popularno\u015b\u0107 w\u00a0USA, Japonii, Francji, Szwecji i\u00a0Niemczech. Popularno\u015b\u0107 i\u00a0wykorzystanie pomp przenios\u0142o si\u0119 od razu na\u00a0inne kraje, w\u00a0tym Polsk\u0119.<\/p>\n<\/div>\n<div class=\"\">\n<p><strong>Jak dzia\u0142a pompa ciep\u0142a?<\/strong><\/p>\n<p>Pompa ciep\u0142a to\u00a0urz\u0105dzenie wielko\u015bci\u0105 i\u00a0wygl\u0105dem przypominaj\u0105ce niewielk\u0105 lod\u00f3wk\u0119 albo du\u017cy stoj\u0105cy kocio\u0142 grzewczy na\u00a0gaz. Podobnie jak on pompa ciep\u0142a s\u0142u\u017cy do\u00a0ogrzewania domu i\u00a0przygotowywania ciep\u0142ej wody. Dlaczego zatem nazwano j\u0105 pomp\u0105? Bo do\u00a0ogrzewania wykorzystuje ciep\u0142o, kt\u00f3re dzi\u0119ki przemianom termodynamicznym \u2013 takim samym, jakie zachodz\u0105 w\u00a0zwyk\u0142ych lod\u00f3wkach, a\u00a0tak\u017ce klimatyzatorach \u2013 \u201eprzepompowuje\u201d ze \u017ar\u00f3d\u0142a o\u00a0ni\u017cszej temperaturze do\u00a0cieplejszego o\u015brodka. Tym zimniejszym \u017ar\u00f3d\u0142em, tak zwanym dolnym, z\u00a0kt\u00f3rego jest odbierane ciep\u0142o, mo\u017ce by\u0107 grunt, woda, a\u00a0nawet powietrze. \u0179r\u00f3d\u0142em g\u00f3rnym, do\u00a0kt\u00f3rego ciep\u0142o jest dostarczane, jest ogrzewana przez pomp\u0119 woda (rzadziej powietrze), kt\u00f3ra kr\u0105\u017cy w\u00a0instalacji grzewczej. a\u00a0zatem pompa nie wytwarza ciep\u0142a, poza pewn\u0105 ilo\u015bci\u0105 b\u0119d\u0105c\u0105 efektem ubocznym dzia\u0142ania jej spr\u0119\u017carki, tylko je przekazuje z\u00a0dolnego do\u00a0g\u00f3rnego \u017ar\u00f3d\u0142a.<\/p>\n<\/div>\n<div class=\"\">\n<p><strong>Sk\u0105d te ciep\u0142o?<\/strong><\/p>\n<p>Wn\u0119trze naszej planety skrywa niewyczerpalne \u017ar\u00f3d\u0142o ciep\u0142a, kt\u00f3re mo\u017ce by\u0107 w\u00a0alternatywny spos\u00f3b wykorzystane do\u00a0produkcji energii na\u00a0potrzeby spo\u0142ecze\u0144stwa. Energia ta, nazywana energi\u0105 geotermaln\u0105, jest wykorzystywana w\u00a0pompach ciep\u0142a. Energia geotermalna jest odnawiana w\u00a0dwojaki spos\u00f3b &#8211; z\u00a0wykorzystaniem energii pochodz\u0105cej z\u00a0g\u0142\u0119bszych sfer Ziemi (j\u0105dra planety) oraz w\u00a0spos\u00f3b ci\u0105g\u0142y ze S\u0142o\u0144ca. Ciep\u0142o, s\u0142u\u017c\u0105ce do\u00a0ogrzewania dom\u00f3w zasilanych pomp\u0105 ciep\u0142a z\u00a0dolnym \u017ar\u00f3d\u0142em w\u00a0postaci kolektor\u00f3w pionowych to\u00a0w\u0142a\u015bnie energia geotermalna.<\/p>\n<\/div>\n<div class=\"\">\n<p><strong>Korzy\u015bci p\u0142yn\u0105ce z\u00a0wykonania odwiert\u00f3w pionowych<\/strong><\/p>\n<p>Dolne \u017ar\u00f3d\u0142o pompy ciep\u0142a jest wykonane w\u00a0postaci odwiert\u00f3w pionowych to\u00a0najefektywniejszy spos\u00f3b zasilania pompy ciep\u0142a. Zawsze stabilne \u017ar\u00f3d\u0142o ciep\u0142a, niezale\u017cne od temperatury otoczenia i\u00a0warunk\u00f3w pogodowych, zawsze odnawialne, czyste i\u00a0niezajmuj\u0105ce miejsca. Instalacja mo\u017ce by\u0107 dokonana nawet pod p\u0142yt\u0105 budynku.<\/p>\n<p>Wymienniki ciep\u0142a, stosowane w\u00a0przypadku odwiert\u00f3w pionowych dla\u00a0pomp ciep\u0142a, wykonane s\u0105 z\u00a0polietylenu. Wi\u0119kszo\u015b\u0107 producent\u00f3w mo\u017ce wi\u0119c da\u0107 gwarancj\u0119 na\u00a0szczelno\u015b\u0107 kolektor\u00f3w na\u00a010 lat, a\u00a0nawet s\u0105 producenci, kt\u00f3rzy daj\u0105 gwarancj\u0119 na\u00a050 lat szczelno\u015bci wymiennika ciep\u0142a. Mo\u017cna wi\u0119c przyj\u0105\u0107, \u017ce dolne \u017ar\u00f3d\u0142o pompy ciep\u0142a wykonane w\u00a0postaci odwiert\u00f3w pionowych jest wieczne i\u00a0zawsze b\u0119dzie mog\u0142o s\u0142u\u017cy\u0107 do\u00a0zasilania pompy ciep\u0142a w\u00a0celu ogrzewania lub ch\u0142odzenia.<\/p>\n<\/div>\n<div>\n<p><strong>Nasza misja:<\/strong><\/p>\n<p>Wykonanie gruntowego wymiennika ciep\u0142a to\u00a0najbardziej k\u0142opotliwy etap instalowania pompy ciep\u0142a. Od doboru i\u00a0prawid\u0142owej instalacji wymiennika w\u00a0najwi\u0119kszym stopniu zale\u017cy jej poprawna i\u00a0ekonomiczna praca.<\/p>\n<p>Nasza firma specjalizuje si\u0119 w\u00a0wykonywaniu stabilnych dolnych \u017ar\u00f3de\u0142 w\u00a0postaci pionowych wymiennik\u00f3w ciep\u0142a. do\u00a0nas nale\u017cy wykonanie odwiertu pionowego w\u00a0celu zainstalowania kolektora pionowego (wymiennika ciep\u0142a) maj\u0105c na\u00a0uwadze czynnik: ekonomiczno-finansowy przedsi\u0119wzi\u0119cia oraz wystarczaj\u0105c\u0105 g\u0142\u0119boko\u015b\u0107 odwiertu do\u00a0najefektywniejszego dzia\u0142ania uk\u0142adu grzewczego.<\/p>\n<\/div>\n","protected":false},"excerpt":{"rendered":"<p><a class=\"read-more\" href=\"http:\/\/www.knowaodwierty.pl\/?page_id=182\">Czytaj dalej&#8230;<\/a><\/p>\n","protected":false},"author":1,"featured_media":0,"parent":0,"menu_order":0,"comment_status":"closed","ping_status":"closed","template":"","meta":{"ngg_post_thumbnail":0,"pgc_sgb_lightbox_settings":"","footnotes":""},"class_list":["post-182","page","type-page","status-publish","hentry"],"aioseo_notices":[],"_links":{"self":[{"href":"http:\/\/www.knowaodwierty.pl\/index.php?rest_route=\/wp\/v2\/pages\/182","targetHints":{"allow":["GET"]}}],"collection":[{"href":"http:\/\/www.knowaodwierty.pl\/index.php?rest_route=\/wp\/v2\/pages"}],"about":[{"href":"http:\/\/www.knowaodwierty.pl\/index.php?rest_route=\/wp\/v2\/types\/page"}],"author":[{"embeddable":true,"href":"http:\/\/www.knowaodwierty.pl\/index.php?rest_route=\/wp\/v2\/users\/1"}],"replies":[{"embeddable":true,"href":"http:\/\/www.knowaodwierty.pl\/index.php?rest_route=%2Fwp%2Fv2%2Fcomments&post=182"}],"version-history":[{"count":3,"href":"http:\/\/www.knowaodwierty.pl\/index.php?rest_route=\/wp\/v2\/pages\/182\/revisions"}],"predecessor-version":[{"id":398,"href":"http:\/\/www.knowaodwierty.pl\/index.php?rest_route=\/wp\/v2\/pages\/182\/revisions\/398"}],"wp:attachment":[{"href":"http:\/\/www.knowaodwierty.pl\/index.php?rest_route=%2Fwp%2Fv2%2Fmedia&parent=182"}],"curies":[{"name":"wp","href":"https:\/\/api.w.org\/{rel}","templated":true}]}}