{"id":180,"date":"2017-03-03T17:11:02","date_gmt":"2017-03-03T17:11:02","guid":{"rendered":"http:\/\/www.knowaodwierty.pl\/?page_id=180"},"modified":"2018-01-27T14:56:41","modified_gmt":"2018-01-27T14:56:41","slug":"aspekty-prawne","status":"publish","type":"page","link":"http:\/\/www.knowaodwierty.pl\/?page_id=180","title":{"rendered":"ASPEKTY PRAWNE"},"content":{"rendered":"<p style=\"text-align: left;\" align=\"center\"><b>WYMAGANIA PRAWNE W PRZYPADKU WYKORZYSTANIA DOLNYCH \u0179R\u00d3DE\u0141 CIEP\u0141A<\/b><\/p>\n<p>&nbsp;<\/p>\n<p><b>Ustawa Prawo Geologiczne i G\u00f3rnicze<\/b><br \/>\nWiercenie otwor\u00f3w na potrzeby dolnych \u017ar\u00f3de\u0142 ciep\u0142a jako praca geologiczna podlega Prawu Geologicznemu i G\u00f3rniczemu, zgodnie z ustaw\u0105 z dnia 9 czerwca 2011 roku z p\u00f3\u017aniejszymi zmianami.<\/p>\n<p>Od strony formalnej, zgodnie z prawem geologicznym i g\u00f3rniczym, wykonywanie dolnego \u017ar\u00f3d\u0142a w formie pionowych odwiert\u00f3w, z formalnego punktu widzenia, zwi\u0105zane jest z trzema elementami dzia\u0142a\u0144:<\/p>\n<ul>\n<li>przygotowanie projektu rob\u00f3t geologicznych,<\/li>\n<li>nadz\u00f3r geologiczny wykonywanych prac,<\/li>\n<li>przygotowanie dokumentacji wykonanych prac.<\/li>\n<\/ul>\n<p><b>Nasza firma<\/b> w ca\u0142o\u015bci mo\u017ce przej\u0105\u0107 w\/w dzia\u0142ania formalne pod swoj\u0105 opiek\u0119.<\/p>\n<p>W przypadku instalacji dolnego \u017ar\u00f3d\u0142a pomp ciep\u0142a w formie pionowych odwiert\u00f3w o g\u0142\u0119boko\u015bci wi\u0119kszej ni\u017c 30 metr\u00f3w koniecznym jest wykonanie projektu rob\u00f3t geologicznych, kt\u00f3ry nast\u0119pnie sk\u0142ada si\u0119 do Starostwa Powiatowego. Wykonanie projektu rob\u00f3t geologicznych jest nieskomplikowanych zadaniem realizowanym przez uprawnionych geolog\u00f3w bez \u017cadnego wk\u0142adu pracy inwestora.<\/p>\n<p>W przypadku odwiert\u00f3w o g\u0142\u0119boko\u015bci przekraczaj\u0105cych 100 metr\u00f3w wykonuje si\u0119 dodatkowo\u00a0plan ruchu, kt\u00f3ry wymaga zatwierdzenia w Okr\u0119gowym Urz\u0119dzie G\u00f3rniczym. Plan ruchu jest ju\u017c bardziej skomplikowanym zadaniem, kt\u00f3re wykonywane jest przez uprawnione osoby wykonawcy prac geologicznych.<\/p>\n<p>W ka\u017cdym przypadku, zgodnie z zapisami ustawy, inwestor ma obowi\u0105zek wykonania dokumentacji po wykonawczej, tzw. dokumentacja geologiczna inna, w terminie 6 miesi\u0119cy od zako\u0144czenia prac geologicznych.<\/p>\n<p>&nbsp;<\/p>\n<p align=\"center\"><b>PROCEDURY OBOWI\u0104ZUJ\u0104CE PRZY WYKONYWANIU OTWOR\u00d3W WIERTNICZYCH<\/b><\/p>\n<p><b>1. Opracowanie projektu rob\u00f3t geologicznych<\/b><\/p>\n<p>Dokument o nazwie \u201eProjekt rob\u00f3t geologicznych w zwi\u0105zku z budow\u0105 instalacji do wykorzystania ciep\u0142a ziemi\u201d wykonywany jest zgodnie z Rozporz\u0105dzeniem Ministra \u015arodowiska z dnia 19 grudnia 2001 roku w sprawie projekt\u00f3w prac geologicznych (Dz. U. Nr 153, poz. 1777). Projekt podlega zg\u0142oszeniu w\u0142a\u015bciwemu organowi administracji (Wydzia\u0142 Ochrony \u015arodowiska Urz\u0119du Miejskiego lub Starostwo Powiatowe).<\/p>\n<p>Dla wierce\u0144 nie przekraczaj\u0105cych 100 metr\u00f3w, do prac mo\u017cna przyst\u0105pi\u0107, je\u017celi w terminie 30 dni od z\u0142o\u017cenia projektu organ ten nie wniesie sprzeciwu. Sprzeciw organu administracji geologicznej mo\u017ce wynika\u0107 z nast\u0119puj\u0105cych przyczyn:<\/p>\n<ul>\n<li>projekt, kt\u00f3ry zosta\u0142 zg\u0142oszony nie odpowiada wymaganiom przepis\u00f3w Prawa geologicznego i g\u00f3rniczego,<\/li>\n<li>prace geologiczne zosta\u0142y zaprojektowane w obr\u0119bie obszaru zasobowego uj\u0119cia w\u00f3d podziemnych i wyst\u0119puje zagro\u017cenie \u017ce wp\u0142ynie to negatywnie na jako\u015b\u0107 ujmowanych w\u00f3d, obr\u0119bie obszar\u00f3w g\u00f3rniczych wyznaczonych w koncesjach na wydobywanie w\u00f3d leczniczych, wyst\u0119puj\u0105cych wsp\u00f3lnie z wodami podziemnymi oraz w obszarze koncesji na wydobywanie torf\u00f3w leczniczych.<\/li>\n<\/ul>\n<p>Praktycznie oznacza to, \u017ce dobrze wykonany projekt, kt\u00f3ry bierze pod uwag\u0119 ww. czynniki nie zostanie oprotestowany i tym samym b\u0119dzie podstaw\u0105 wykonywania prac wiertniczych.<\/p>\n<p>Dla wierce\u0144 przekraczaj\u0105cych 100 metr\u00f3w koniecznym jest wykonanie tzw. Planu ruchu oraz zatwierdzenie go pisemnie w Okr\u0119gowym Urz\u0119dzie G\u00f3rniczym.<\/p>\n<p><b>2. Prace wiertnicze \u2013 realizacja projektu<\/b><\/p>\n<p>Zgodnie z zapisami ustawy, roboty geologiczne maj\u0105ce na celu wykorzystania ciep\u0142a ziemi mo\u017cna rozpocz\u0105\u0107 je\u017celi w terminie 30 dni od daty z\u0142o\u017cenia projektu rob\u00f3t geologicznych do Starostwa Powiatowego organ nie wniesie sprzeciwu.<\/p>\n<p>Je\u017celi roboty wiertnicze wykonuje si\u0119 na g\u0142\u0119boko\u015bci przekraczaj\u0105cej 100 metr\u00f3w, zgodnie z zatwierdzonym przez Okr\u0119gowy Urz\u0105d G\u00f3rniczy planem ruchu, zamiar rozpocz\u0119cia prac wiertniczych powinien zosta\u0107 zg\u0142oszony w\u0142a\u015bciwemu organowi administracji geologicznej, organowi nadzoru g\u00f3rniczego oraz w\u00f3jtowi, burmistrzowi lub prezydentowi w\u0142a\u015bciwemu ze wzgl\u0119du na miejsce prowadzenia prac. Zg\u0142oszenie powinno by\u0107 dokonane najp\u00f3\u017aniej na 2 tygodnie przed planowanym terminem rozpocz\u0119cia wierce\u0144.<\/p>\n<p>Prace mog\u0105 by\u0107 wykonywane jedynie przez osoby, kt\u00f3re posiadaj\u0105 odpowiednie kwalifikacje do kierowania robotami geologicznymi, natomiast nadz\u00f3r nad pracami mog\u0105 sprawowa\u0107 osoby posiadaj\u0105ce potwierdzone stosowne uprawnienia.<\/p>\n<p>W przypadku naszych prac nie pobieramy \u017cadnych dodatkowych op\u0142at za zgodny z prawem doz\u00f3r geologiczny i wiertniczy wykonywanych prac.<\/p>\n<p><b>3. Dokumentacja prac geologicznych<\/b><\/p>\n<p>Rozporz\u0105dzenie Ministra \u015arodowiska z dnia 23 czerwca 2005 roku w sprawie okre\u015blania przypadk\u00f3w, w kt\u00f3rych konieczne jest sporz\u0105dzenie innej dokumentacji geologicznej (Dz. U. Nr 116, poz. 893) wyniki prac wiertniczych i bada\u0144 w otworze przedstawia si\u0119 w dokumencie zatytu\u0142owanym \u201eDokumentacja prac geologicznych wykonywanych w celu wykorzystania ciep\u0142a ziemi\u201d.<\/p>\n<p>Dokumentacja obejmuje om\u00f3wienie i podsumowanie wykonanych prac oraz bada\u0144. Jest ona sporz\u0105dzana najp\u00f3\u017aniej w ci\u0105gu 6 miesi\u0119cy od zako\u0144czenia prac geologicznych, a nast\u0119pnie w 3 egzemplarzach przekazywana w\u0142a\u015bciwemu organowi administracji geologicznej, do kt\u00f3rego zg\u0142aszany by\u0142 projekt prac geologicznych. Dokumentacja stanowi jedynie zg\u0142oszenie wykonanych prac do cel\u00f3w ewidencyjnych, i jako taka nie podlega zatwierdzeniu.<\/p>\n<p>Za\u0142\u0105cznikiem do dokumentacji prac geologicznych jest operat geodezyjny. Operat obejmuje inwentaryzacj\u0119 geodezyjn\u0105 wykonanych otwor\u00f3w za pomoc\u0105 niwelacji technicznej dowi\u0105zanych do reperu zastabilizowanego na badanym terenie.<\/p>\n<p>A j\u0119zykiem bardziej zrozumia\u0142ym dla wszystkich: operat geodezyjny to oznaczenie na planie zagospodarowania terenu miejsc wykonanych otwor\u00f3w, opisanie ich wsp\u00f3\u0142rz\u0119dnych oraz wysoko\u015bci nad poziomem morza i podpisanie oraz opiecz\u0119towanie mapki przez uprawnionego geodet\u0119.<\/p>\n<p><b>Ustawa Prawo Wodne<\/b><br \/>\nProjektowanie i wykonywanie instalacji dolnych \u017ar\u00f3de\u0142 ciep\u0142a w otworach wiertniczych nie podlega przepisom Ustawy Prawo Wodne. Przepisy wspomnianej ustawy mog\u0105 dzia\u0142a\u0107 jedynie w przypadku istnienia strefy ochronnej uj\u0119cia w\u00f3d podziemnych, je\u017celi w decyzji o ustanowieniu strefy umieszczono zakaz wykonywania odwiert\u00f3w ze wzgl\u0119du na mo\u017cliwo\u015b\u0107 zanieczyszczenia tych w\u00f3d.<\/p>\n<p><b>Ustawa Prawo Ochrony \u015arodowiska<\/b><br \/>\nZagro\u017cenia dla \u015brodowiska, w szczeg\u00f3lno\u015bci dla w\u00f3d podziemnych, jest teoretycznie mo\u017cliwe na etapie wykonywania odwiert\u00f3w, a praktycznie niemo\u017cliwe na etapie eksploatacji systemu, poniewa\u017c wymiennik jest umieszczony w masie betonitowo \u2013 cementowej wype\u0142niaj\u0105cej otw\u00f3r.<\/p>\n<p><b>Ustawa Prawo Budowlane<\/b><br \/>\nW przypadku wymiennik\u00f3w dolnych \u017ar\u00f3de\u0142 ciep\u0142a umieszczonych w wype\u0142nionym otworze wiertniczym nie maj\u0105 zastosowania przepisy Ustawy Prawo Budowlane.<\/p>\n<p><b>Ustawa o Planowaniu i Zagospodarowaniu Przestrzennym<\/b><br \/>\nOgraniczenia w budowie instalacji wykorzystuj\u0105cych dolne \u017ar\u00f3d\u0142a ciep\u0142a mog\u0105 by\u0107 zawarte w Miejscowym Planie Zagospodarowania Przestrzennego.<\/p>\n","protected":false},"excerpt":{"rendered":"<p><a class=\"read-more\" href=\"http:\/\/www.knowaodwierty.pl\/?page_id=180\">Czytaj dalej&#8230;<\/a><\/p>\n","protected":false},"author":1,"featured_media":0,"parent":0,"menu_order":0,"comment_status":"closed","ping_status":"closed","template":"","meta":{"ngg_post_thumbnail":0,"pgc_sgb_lightbox_settings":"","footnotes":""},"class_list":["post-180","page","type-page","status-publish","hentry"],"aioseo_notices":[],"_links":{"self":[{"href":"http:\/\/www.knowaodwierty.pl\/index.php?rest_route=\/wp\/v2\/pages\/180","targetHints":{"allow":["GET"]}}],"collection":[{"href":"http:\/\/www.knowaodwierty.pl\/index.php?rest_route=\/wp\/v2\/pages"}],"about":[{"href":"http:\/\/www.knowaodwierty.pl\/index.php?rest_route=\/wp\/v2\/types\/page"}],"author":[{"embeddable":true,"href":"http:\/\/www.knowaodwierty.pl\/index.php?rest_route=\/wp\/v2\/users\/1"}],"replies":[{"embeddable":true,"href":"http:\/\/www.knowaodwierty.pl\/index.php?rest_route=%2Fwp%2Fv2%2Fcomments&post=180"}],"version-history":[{"count":6,"href":"http:\/\/www.knowaodwierty.pl\/index.php?rest_route=\/wp\/v2\/pages\/180\/revisions"}],"predecessor-version":[{"id":403,"href":"http:\/\/www.knowaodwierty.pl\/index.php?rest_route=\/wp\/v2\/pages\/180\/revisions\/403"}],"wp:attachment":[{"href":"http:\/\/www.knowaodwierty.pl\/index.php?rest_route=%2Fwp%2Fv2%2Fmedia&parent=180"}],"curies":[{"name":"wp","href":"https:\/\/api.w.org\/{rel}","templated":true}]}}